{"id":18,"date":"2021-09-06T09:09:18","date_gmt":"2021-09-06T09:09:18","guid":{"rendered":"https:\/\/cutsbarbershop.net\/?page_id=18"},"modified":"2021-09-10T16:25:08","modified_gmt":"2021-09-10T16:25:08","slug":"hakkimizda","status":"publish","type":"page","link":"https:\/\/cutsbarbershop.net\/?page_id=18","title":{"rendered":"Hakk\u0131m\u0131zda"},"content":{"rendered":"\n<div class=\"wp-block-image\"><figure class=\"aligncenter size-large is-resized\"><img loading=\"lazy\" decoding=\"async\" src=\"https:\/\/cutsbarbershop.net\/wp-content\/uploads\/2021\/09\/cropped-WhatsApp-Image-2021-09-07-at-19.35.445-1-1024x1024.jpeg\" alt=\"\" class=\"wp-image-122\" width=\"140\" height=\"140\" srcset=\"https:\/\/cutsbarbershop.net\/wp-content\/uploads\/2021\/09\/cropped-WhatsApp-Image-2021-09-07-at-19.35.445-1-1024x1024.jpeg 1024w, https:\/\/cutsbarbershop.net\/wp-content\/uploads\/2021\/09\/cropped-WhatsApp-Image-2021-09-07-at-19.35.445-1-300x300.jpeg 300w, https:\/\/cutsbarbershop.net\/wp-content\/uploads\/2021\/09\/cropped-WhatsApp-Image-2021-09-07-at-19.35.445-1-150x150.jpeg 150w, https:\/\/cutsbarbershop.net\/wp-content\/uploads\/2021\/09\/cropped-WhatsApp-Image-2021-09-07-at-19.35.445-1-768x768.jpeg 768w, https:\/\/cutsbarbershop.net\/wp-content\/uploads\/2021\/09\/cropped-WhatsApp-Image-2021-09-07-at-19.35.445-1.jpeg 1047w\" sizes=\"auto, (max-width: 140px) 100vw, 140px\" \/><\/figure><\/div>\n\n\n\n<p class=\"has-text-align-center\">Cuts Barber Shop olarak, uzman \u00e7al\u0131\u015fan kadromuzla hep ileri d\u00f6n\u00fck, yeni teknolojik malzemelerle, yeni g\u00fcncel kaliteli \u00fcr\u00fcnlerle, kuaf\u00f6rl\u00fck dal\u0131nda uzmanla\u015fm\u0131\u015f ekip arkada\u015flar\u0131m\u0131zla hizmetinizdeyiz. Cuts Barber Shop bir kuaf\u00f6rden her zaman daha fazlas\u0131.<\/p>\n","protected":false},"excerpt":{"rendered":"<p>Cuts Barber Shop olarak, uzman \u00e7al\u0131\u015fan kadromuzla hep ileri d\u00f6n\u00fck, yeni teknolojik malzemelerle, yeni g\u00fcncel kaliteli \u00fcr\u00fcnlerle, kuaf\u00f6rl\u00fck dal\u0131nda uzmanla\u015fm\u0131\u015f ekip arkada\u015flar\u0131m\u0131zla hizmetinizdeyiz. Cuts Barber Shop bir kuaf\u00f6rden her zaman daha fazlas\u0131.<\/p>\n","protected":false},"author":1,"featured_media":0,"parent":0,"menu_order":0,"comment_status":"closed","ping_status":"closed","template":"","meta":{"footnotes":""},"class_list":["post-18","page","type-page","status-publish","hentry"],"_links":{"self":[{"href":"https:\/\/cutsbarbershop.net\/index.php?rest_route=\/wp\/v2\/pages\/18","targetHints":{"allow":["GET"]}}],"collection":[{"href":"https:\/\/cutsbarbershop.net\/index.php?rest_route=\/wp\/v2\/pages"}],"about":[{"href":"https:\/\/cutsbarbershop.net\/index.php?rest_route=\/wp\/v2\/types\/page"}],"author":[{"embeddable":true,"href":"https:\/\/cutsbarbershop.net\/index.php?rest_route=\/wp\/v2\/users\/1"}],"replies":[{"embeddable":true,"href":"https:\/\/cutsbarbershop.net\/index.php?rest_route=%2Fwp%2Fv2%2Fcomments&post=18"}],"version-history":[{"count":3,"href":"https:\/\/cutsbarbershop.net\/index.php?rest_route=\/wp\/v2\/pages\/18\/revisions"}],"predecessor-version":[{"id":146,"href":"https:\/\/cutsbarbershop.net\/index.php?rest_route=\/wp\/v2\/pages\/18\/revisions\/146"}],"wp:attachment":[{"href":"https:\/\/cutsbarbershop.net\/index.php?rest_route=%2Fwp%2Fv2%2Fmedia&parent=18"}],"curies":[{"name":"wp","href":"https:\/\/api.w.org\/{rel}","templated":true}]}}